{"id":565,"date":"2015-12-01T09:49:55","date_gmt":"2015-12-01T09:49:55","guid":{"rendered":"http:\/\/deploy.mikado-themes.com\/?page_id=565"},"modified":"2021-04-25T11:40:14","modified_gmt":"2021-04-25T11:40:14","slug":"why-us","status":"publish","type":"page","link":"https:\/\/www.finnapps.fi\/fi\/index.php\/why-us\/","title":{"rendered":"Miksi Finnapps"},"content":{"rendered":"<div data-mkdf-parallax-speed=\"1\" class=\"vc_row wpb_row vc_row-fluid mkdf-section standing-apart-section mkdf-content-aligment-left mkdf-grid-section\" style=\"\"><div class=\"clearfix mkdf-section-inner\"><div class=\"mkdf-section-inner-margin clearfix\"><div class=\"left-section wpb_column vc_column_container vc_col-sm-6\"><div class=\"vc_column-inner\"><div class=\"wpb_wrapper\">\n\t<div class=\"wpb_text_column wpb_content_element\" >\n\t\t<div class=\"wpb_wrapper\">\n\t\t\t<h2>Erotumme eduksemme<\/h2>\n\n\t\t<\/div>\n\t<\/div>\n<div class=\"vc_empty_space\"   style=\"height: 20px\"><span class=\"vc_empty_space_inner\"><\/span><\/div>\n\t<div class=\"wpb_text_column wpb_content_element\" >\n\t\t<div class=\"wpb_wrapper\">\n\t\t\t<div class=\"text-justify\">V\u00e4henn\u00e4mme asiakkaidemme riskej\u00e4 k\u00e4ytt\u00e4m\u00e4ll\u00e4 ketter\u00e4n kehityksen metodeja. K\u00e4ytt\u00e4j\u00e4- ja toiminnallisuusl\u00e4ht\u00f6isen suunnittelun sek\u00e4 luovilla koodausratkaisuillamme saamme ratkaisuja nopeasti asiakkaan k\u00e4ytt\u00f6\u00f6n. L\u00e4hestymistapamme on nopea, joustava ja yhteisty\u00f6h\u00f6n perustuva; ja olemme innostuneita jatkuvasta oppimisesta kehitt\u00e4m\u00e4ll\u00e4 itse\u00e4mme \u2013 ja n\u00e4in pystymme luomaan innovatiivisia digitaalisia tuotteita asiakkaille.<\/div>\n\n\t\t<\/div>\n\t<\/div>\n<div class=\"vc_empty_space\"   style=\"height: 30px\"><span class=\"vc_empty_space_inner\"><\/span><\/div><div class=\"mkdf-progress-bar\">\n\t<div class=\"mkdf-progress-title-holder clearfix\">\n\t\t<span class=\"mkdf-progress-title\">Projects Delivered on Schedule<\/span>\n\t\t\t<span class=\"mkdf-progress-number-wrapper\" >\n\t\t\t\t<span class=\"mkdf-progress-number\">\n\t\t\t\t\t<span class=\"mkdf-percent\">0<\/span>\n\t\t\t\t<\/span>\n\t\t<\/span>\n\t<\/div>\n<div class=\"mkdf-progress-content-outer\" >\n\t<div data-percentage=98 class=\"mkdf-progress-content\" ><\/div>\n<\/div>\n<\/div>\t<div class=\"mkdf-progress-bar\">\n\t<div class=\"mkdf-progress-title-holder clearfix\">\n\t\t<span class=\"mkdf-progress-title\">Projects Delivered Within Budget<\/span>\n\t\t\t<span class=\"mkdf-progress-number-wrapper\" >\n\t\t\t\t<span class=\"mkdf-progress-number\">\n\t\t\t\t\t<span class=\"mkdf-percent\">0<\/span>\n\t\t\t\t<\/span>\n\t\t<\/span>\n\t<\/div>\n<div class=\"mkdf-progress-content-outer\" >\n\t<div data-percentage=87 class=\"mkdf-progress-content\" ><\/div>\n<\/div>\n<\/div>\t<div class=\"mkdf-progress-bar\">\n\t<div class=\"mkdf-progress-title-holder clearfix\">\n\t\t<span class=\"mkdf-progress-title\">Average Test Coverage<\/span>\n\t\t\t<span class=\"mkdf-progress-number-wrapper\" >\n\t\t\t\t<span class=\"mkdf-progress-number\">\n\t\t\t\t\t<span class=\"mkdf-percent\">0<\/span>\n\t\t\t\t<\/span>\n\t\t<\/span>\n\t<\/div>\n<div class=\"mkdf-progress-content-outer\" >\n\t<div data-percentage=93 class=\"mkdf-progress-content\" ><\/div>\n<\/div>\n<\/div>\t<div class=\"mkdf-progress-bar\">\n\t<div class=\"mkdf-progress-title-holder clearfix\">\n\t\t<span class=\"mkdf-progress-title\">Customer Satisfaction<\/span>\n\t\t\t<span class=\"mkdf-progress-number-wrapper\" >\n\t\t\t\t<span class=\"mkdf-progress-number\">\n\t\t\t\t\t<span class=\"mkdf-percent\">0<\/span>\n\t\t\t\t<\/span>\n\t\t<\/span>\n\t<\/div>\n<div class=\"mkdf-progress-content-outer\" >\n\t<div data-percentage=95 class=\"mkdf-progress-content\" ><\/div>\n<\/div>\n<\/div>\t<div class=\"vc_empty_space\"   style=\"height: 20px\"><span class=\"vc_empty_space_inner\"><\/span><\/div><\/div><\/div><\/div><div class=\"wpb_animate_when_almost_visible wpb_slideInRight slideInRight wpb_column vc_column_container vc_col-sm-6\"><div class=\"vc_column-inner\"><div class=\"wpb_wrapper\">\n\t<div  class=\"wpb_single_image wpb_content_element vc_align_center\">\n\t\t\n\t\t<figure class=\"wpb_wrapper vc_figure\">\n\t\t\t<div class=\"vc_single_image-wrapper   vc_box_border_grey\"><img width=\"700\" height=\"467\" src=\"https:\/\/www.finnapps.fi\/wp-content\/uploads\/2021\/03\/about2.png\" class=\"vc_single_image-img attachment-full\" alt=\"\" decoding=\"async\" loading=\"lazy\" srcset=\"https:\/\/www.finnapps.fi\/wp-content\/uploads\/2021\/03\/about2.png 700w, https:\/\/www.finnapps.fi\/wp-content\/uploads\/2021\/03\/about2-300x200.png 300w, https:\/\/www.finnapps.fi\/wp-content\/uploads\/2021\/03\/about2-600x400.png 600w\" sizes=\"(max-width: 700px) 100vw, 700px\" \/><\/div>\n\t\t<\/figure>\n\t<\/div>\n<\/div><\/div><\/div><\/div><\/div><\/div><div data-mkdf-parallax-speed=\"1\" class=\"vc_row wpb_row vc_row-fluid mkdf-section progress-section vc_custom_1619350809327 mkdf-content-aligment-left mkdf-parallax-section-holder mkdf-parallax-section-holder-touch-disabled mkdf-grid-section\" style=\"background-image:url(https:\/\/www.finnapps.fi\/wp-content\/uploads\/2021\/03\/parallax-5.jpg);\"><div class=\"clearfix mkdf-section-inner\"><div class=\"mkdf-section-inner-margin clearfix\"><div class=\"wpb_animate_when_almost_visible wpb_slideInUp slideInUp wpb_column vc_column_container vc_col-sm-3\"><div class=\"vc_column-inner\"><div class=\"wpb_wrapper\"><div class=\"mkdf-pie-chart-holder mkdf-pie-chart-typography-light\"  data-bar-color=\"#092deb\" data-track-color=\"rgba(255,255,255,0.2)\">\n\n\t<div class=\"mkdf-percentage\" data-percent=\"100\">\n\t\t\t\t\t<span class=\"mkdf-to-counter\">\n\t\t\t\t100\t\t\t<\/span>\n\t\t\t<\/div>\n\t<div class=\"mkdf-pie-chart-text\" >\n\t\t\t\t\t<h4 class=\"mkdf-pie-title\">\n\t\t\t\tTyytyv\u00e4iset asiakkaat\t\t\t<\/h4>\n\t\t\t\t<p><\/p>\n\t<\/div>\n<\/div><div class=\"vc_empty_space\"   style=\"height: 40px\"><span class=\"vc_empty_space_inner\"><\/span><\/div><\/div><\/div><\/div><div class=\"wpb_animate_when_almost_visible wpb_slideInUp slideInUp wpb_column vc_column_container vc_col-sm-3\"><div class=\"vc_column-inner\"><div class=\"wpb_wrapper\"><div class=\"mkdf-pie-chart-holder mkdf-pie-chart-typography-light\"  data-bar-color=\"#092deb\" data-track-color=\"rgba(255,255,255,0.2)\">\n\n\t<div class=\"mkdf-percentage\" data-percent=\"75\">\n\t\t\t\t\t<span class=\"mkdf-to-counter\">\n\t\t\t\t75\t\t\t<\/span>\n\t\t\t<\/div>\n\t<div class=\"mkdf-pie-chart-text\" >\n\t\t\t\t\t<h4 class=\"mkdf-pie-title\">\n\t\t\t\tK\u00e4ytetyt tunnit\t\t\t<\/h4>\n\t\t\t\t<p><\/p>\n\t<\/div>\n<\/div><div class=\"vc_empty_space\"   style=\"height: 40px\"><span class=\"vc_empty_space_inner\"><\/span><\/div><\/div><\/div><\/div><div class=\"wpb_animate_when_almost_visible wpb_slideInUp slideInUp wpb_column vc_column_container vc_col-sm-3\"><div class=\"vc_column-inner\"><div class=\"wpb_wrapper\"><div class=\"mkdf-pie-chart-holder mkdf-pie-chart-typography-light\"  data-bar-color=\"#092deb\" data-track-color=\"rgba(255,255,255,0.2)\">\n\n\t<div class=\"mkdf-percentage\" data-percent=\"95\">\n\t\t\t\t\t<span class=\"mkdf-to-counter\">\n\t\t\t\t95\t\t\t<\/span>\n\t\t\t<\/div>\n\t<div class=\"mkdf-pie-chart-text\" >\n\t\t\t\t\t<h4 class=\"mkdf-pie-title\">\n\t\t\t\tKahvin m\u00e4\u00e4r\u00e4\t\t\t<\/h4>\n\t\t\t\t<p><\/p>\n\t<\/div>\n<\/div><div class=\"vc_empty_space\"   style=\"height: 40px\"><span class=\"vc_empty_space_inner\"><\/span><\/div><\/div><\/div><\/div><div class=\"wpb_animate_when_almost_visible wpb_slideInUp slideInUp wpb_column vc_column_container vc_col-sm-3\"><div class=\"vc_column-inner\"><div class=\"wpb_wrapper\"><div class=\"mkdf-pie-chart-holder mkdf-pie-chart-typography-light\"  data-bar-color=\"#092deb\" data-track-color=\"rgba(255,255,255,0.2)\">\n\n\t<div class=\"mkdf-percentage\" data-percent=\"100\">\n\t\t\t\t\t<span class=\"mkdf-to-counter\">\n\t\t\t\t100\t\t\t<\/span>\n\t\t\t<\/div>\n\t<div class=\"mkdf-pie-chart-text\" >\n\t\t\t\t\t<h4 class=\"mkdf-pie-title\">\n\t\t\t\tProjektien valmistumistaso\t\t\t<\/h4>\n\t\t\t\t<p><\/p>\n\t<\/div>\n<\/div><div class=\"vc_empty_space\"   style=\"height: 40px\"><span class=\"vc_empty_space_inner\"><\/span><\/div><\/div><\/div><\/div><\/div><\/div><\/div><div data-mkdf-parallax-speed=\"1\" class=\"vc_row wpb_row vc_row-fluid mkdf-section teams-section vc_custom_1615578680095 mkdf-content-aligment-left mkdf-grid-section\" style=\"\"><div class=\"clearfix mkdf-section-inner\"><div class=\"mkdf-section-inner-margin clearfix\"><div class=\"mkdf-content-aligment-center wpb_column vc_column_container vc_col-sm-12\"><div class=\"vc_column-inner\"><div class=\"wpb_wrapper\"><div class=\"mkdf-section-title-holder\">\n\t<h2 class=\"mkdf-section-title mkdf-section-title-small\" >Miksi valita meid\u00e4t<\/h2>\n<\/div><div class=\"mkdf-separator-holder clearfix  mkdf-separator-center\">\n\t<div class=\"mkdf-separator\" style=\"border-color: #092deb;width: 33px;border-bottom-width: 3px;margin-top: 13px;margin-bottom: 60px\"><\/div>\n<\/div>\n<div class=\"vc_row wpb_row vc_inner vc_row-fluid mkdf-section mkdf-content-aligment-left\" style=\"\"><div class=\"mkdf-full-section-inner\"><div class=\"wpb_column vc_column_container vc_col-sm-3\"><div class=\"vc_column-inner\"><div class=\"wpb_wrapper\"><div class=\"mkdf-iwt clearfix mkdf-iwt-icon-top mkdf-iwt-icon-tiny mkdf-iwt-icon-normal\">\n\t<div class=\"mkdf-iwt-icon-holder\">\n\t\t\t\t\t<div class=\"mkdf-iwt-custom-icon-holder\">\n\t\t\t\t<img width=\"90\" height=\"90\" src=\"https:\/\/www.finnapps.fi\/wp-content\/uploads\/2021\/03\/custom-icon-1.png\" class=\"attachment-full size-full\" alt=\"\" decoding=\"async\" loading=\"lazy\" \/>\n\t\t\t\t\t\t\t<\/div>\n\n\t\t\t<\/div>\n\t<div class=\"mkdf-iwt-content-holder\" >\n\t\t<div class=\"mkdf-iwt-title-holder\">\n\t\t\t<h4 >\n\t\t\t\t\n\t\t\t\tYhteisty\u00f6\n\t\t\t\t\n\t\t\t<\/h4>\n\t<\/div>\n\t<div class=\"mkdf-iwt-text-holder\">\n\t\t<p >Vuosien kokemus suunnittelu- ja kehitysty\u00f6st\u00e4 yhdess\u00e4 asiakkaiden kanssa.<\/p>\n\n\t\t\t<\/div>\n<\/div>\n<\/div><div class=\"vc_empty_space\"   style=\"height: 75px\"><span class=\"vc_empty_space_inner\"><\/span><\/div><\/div><\/div><\/div><div class=\"wpb_column vc_column_container vc_col-sm-3\"><div class=\"vc_column-inner\"><div class=\"wpb_wrapper\"><div class=\"mkdf-iwt clearfix mkdf-iwt-icon-top mkdf-iwt-icon-tiny mkdf-iwt-icon-normal\">\n\t<div class=\"mkdf-iwt-icon-holder\">\n\t\t\t\t\t<div class=\"mkdf-iwt-custom-icon-holder\">\n\t\t\t\t<img width=\"90\" height=\"90\" src=\"https:\/\/www.finnapps.fi\/wp-content\/uploads\/2021\/03\/custom-icon-4.png\" class=\"attachment-full size-full\" alt=\"\" decoding=\"async\" loading=\"lazy\" \/>\n\t\t\t\t\t\t\t<\/div>\n\n\t\t\t<\/div>\n\t<div class=\"mkdf-iwt-content-holder\" >\n\t\t<div class=\"mkdf-iwt-title-holder\">\n\t\t\t<h4 >\n\t\t\t\t\n\t\t\t\tInvestoinnin arvo\n\t\t\t\t\n\t\t\t<\/h4>\n\t<\/div>\n\t<div class=\"mkdf-iwt-text-holder\">\n\t\t<p >Sitoudumme siihen, ett\u00e4 saat juuri sen, mit\u00e4 olet tilannut.<\/p>\n\n\t\t\t<\/div>\n<\/div>\n<\/div><div class=\"vc_empty_space\"   style=\"height: 75px\"><span class=\"vc_empty_space_inner\"><\/span><\/div><\/div><\/div><\/div><div class=\"wpb_column vc_column_container vc_col-sm-3\"><div class=\"vc_column-inner\"><div class=\"wpb_wrapper\"><div class=\"mkdf-iwt clearfix mkdf-iwt-icon-top mkdf-iwt-icon-tiny mkdf-iwt-icon-normal\">\n\t<div class=\"mkdf-iwt-icon-holder\">\n\t\t\t\t\t<div class=\"mkdf-iwt-custom-icon-holder\">\n\t\t\t\t<img width=\"90\" height=\"90\" src=\"https:\/\/www.finnapps.fi\/wp-content\/uploads\/2021\/03\/custom-icon-3.png\" class=\"attachment-full size-full\" alt=\"\" decoding=\"async\" loading=\"lazy\" \/>\n\t\t\t\t\t\t\t<\/div>\n\n\t\t\t<\/div>\n\t<div class=\"mkdf-iwt-content-holder\" >\n\t\t<div class=\"mkdf-iwt-title-holder\">\n\t\t\t<h4 >\n\t\t\t\t\n\t\t\t\tFokus laadussa\n\t\t\t\t\n\t\t\t<\/h4>\n\t<\/div>\n\t<div class=\"mkdf-iwt-text-holder\">\n\t\t<p >Laadun suhteen emme koskaan tee kompromisseja.<\/p>\n\n\t\t\t<\/div>\n<\/div>\n<\/div><div class=\"vc_empty_space\"   style=\"height: 75px\"><span class=\"vc_empty_space_inner\"><\/span><\/div><\/div><\/div><\/div><div class=\"wpb_column vc_column_container vc_col-sm-3\"><div class=\"vc_column-inner\"><div class=\"wpb_wrapper\"><div class=\"mkdf-iwt clearfix mkdf-iwt-icon-top mkdf-iwt-icon-tiny mkdf-iwt-icon-normal\">\n\t<div class=\"mkdf-iwt-icon-holder\">\n\t\t\t\t\t<div class=\"mkdf-iwt-custom-icon-holder\">\n\t\t\t\t<img width=\"90\" height=\"90\" src=\"https:\/\/www.finnapps.fi\/wp-content\/uploads\/2021\/03\/custom-icon-2.png\" class=\"attachment-full size-full\" alt=\"\" decoding=\"async\" loading=\"lazy\" \/>\n\t\t\t\t\t\t\t<\/div>\n\n\t\t\t<\/div>\n\t<div class=\"mkdf-iwt-content-holder\" >\n\t\t<div class=\"mkdf-iwt-title-holder\">\n\t\t\t<h4 >\n\t\t\t\t\n\t\t\t\tLuotettava kumppani\n\t\t\t\t\n\t\t\t<\/h4>\n\t<\/div>\n\t<div class=\"mkdf-iwt-text-holder\">\n\t\t<p >Olemme aina l\u00e4pin\u00e4kyv\u00e4 toimija ja sitoudumme t\u00e4h\u00e4n sataprosenttisesti.<\/p>\n\n\t\t\t<\/div>\n<\/div>\n<\/div><div class=\"vc_empty_space\"   style=\"height: 75px\"><span class=\"vc_empty_space_inner\"><\/span><\/div><\/div><\/div><\/div><\/div><\/div><\/div><\/div><\/div><\/div><\/div><\/div><div data-mkdf-parallax-speed=\"1\" class=\"vc_row wpb_row vc_row-fluid mkdf-section vc_custom_1448963542651 mkdf-content-aligment-center mkdf-parallax-section-holder mkdf-parallax-section-holder-touch-disabled mkdf-grid-section\" style=\"\"><div class=\"clearfix mkdf-section-inner\"><div class=\"mkdf-section-inner-margin clearfix\"><div class=\"wpb_column vc_column_container vc_col-sm-12\"><div class=\"vc_column-inner\"><div class=\"wpb_wrapper\"><div class=\"mkdf-animations-holder mkdf-element-from-bottom\" data-animation=\"mkdf-element-from-bottom\">\n\t<div style=\"transition-delay: 200ms;-webkit-animation-delay: 200ms;animation-delay: 200ms;animation-duration: 500ms;-webkit-animation-duration: 500ms;-moz-animation-duration: 500ms\">\n\t\t<div class=\"mkdf-section-title-holder\">\n\t<h2 class=\"mkdf-section-title mkdf-section-title-large\" style=\"color: #ffffff\">Tehd\u00e4\u00e4n ihmeit\u00e4 yhdess\u00e4<\/h2>\n<\/div>\t<\/div>\n\n<\/div><div class=\"mkdf-animations-holder mkdf-element-from-bottom\" data-animation=\"mkdf-element-from-bottom\">\n\t<div style=\"transition-delay: 200ms;-webkit-animation-delay: 200ms;animation-delay: 200ms;animation-duration: 500ms;-webkit-animation-duration: 500ms;-moz-animation-duration: 500ms\">\n\t\t<div class=\"vc_row wpb_row vc_inner vc_row-fluid mkdf-section vc_custom_1448626932731 mkdf-content-aligment-left\" style=\"\"><div class=\"mkdf-full-section-inner\"><div class=\"wpb_column vc_column_container vc_col-sm-12 vc_col-lg-offset-1 vc_col-lg-10 vc_col-md-offset-1 vc_col-md-10\"><div class=\"vc_column-inner\"><div class=\"wpb_wrapper\">\n<div class=\"mkdf-custom-font-holder\" style=\"font-family: Poppins;font-size: 18px;line-height: 33px;font-weight: 400;letter-spacing: 0px;text-align: center;color: #ffffff\" data-font-size= 18 data-line-height= 33>\n\tYritykset kasvavat ja muuttuvat yhdess\u00e4 kanssamme \u2013 me tuomme parannuksia prosesseihin, esit\u00e4mme innovatiivisia l\u00e4hestymistapoja asiakkaan haasteisiin ja mahdollistamme asiakkaan menestyksen kasvu-uralla.<\/div><\/div><\/div><\/div><\/div><\/div>\t<\/div>\n\n<\/div><div class=\"mkdf-animations-holder mkdf-element-from-bottom\" data-animation=\"mkdf-element-from-bottom\">\n\t<div style=\"transition-delay: 200ms;-webkit-animation-delay: 200ms;animation-delay: 200ms;animation-duration: 500ms;-webkit-animation-duration: 500ms;-moz-animation-duration: 500ms\">\n\t\t<a href=\"\/index.php\/contact-us\/\" target=\"_self\"  class=\"mkdf-btn mkdf-btn-large mkdf-btn-solid mkdf-btn-custom-hover-bg mkdf-btn-custom-border-hover mkdf-btn-custom-hover-color mkdf-btn-custom-hover-color\" data-hover-bg-color=\"#ffffff\" data-hover-color=\"#0088cc\" data-hover-border-color=\"#ffffff\" >\n        <span class=\"mkdf-btn-text\">Ota yhteytt\u00e4<\/span>\n<\/a>\t<\/div>\n\n<\/div><\/div><\/div><\/div><\/div><\/div><\/div><div data-mkdf-parallax-speed=\"1\" class=\"vc_row wpb_row vc_row-fluid mkdf-section clients vc_custom_1615662013290 mkdf-content-aligment-center mkdf-grid-section\" style=\"\"><div class=\"clearfix mkdf-section-inner\"><div class=\"mkdf-section-inner-margin clearfix\"><div class=\"clients wpb_column vc_column_container vc_col-sm-12\"><div class=\"vc_column-inner\"><div class=\"wpb_wrapper\"><div class=\"mkdf-section-title-holder\">\n\t<h2 class=\"mkdf-section-title mkdf-section-title-small\" >It is About Your Success!<\/h2>\n<\/div><div class=\"vc_empty_space\"   style=\"height: 20px\"><span class=\"vc_empty_space_inner\"><\/span><\/div>\n\t<div class=\"wpb_text_column wpb_content_element\" >\n\t\t<div class=\"wpb_wrapper\">\n\t\t\t<h5>We execute every client engagement thoroughly and ensure backing it up with elaborate exploration, applying in-depth<br \/>\nresearch to examine every minute detail of a business process, and every single assumption within.<\/h5>\n\n\t\t<\/div>\n\t<\/div>\n<div class=\"vc_empty_space\"   style=\"height: 40px\"><span class=\"vc_empty_space_inner\"><\/span><\/div><div class=\"mkdf-carousel-holder clearfix\"><div class=\"mkdf-carousel\" data-items=\"3\" data-navigation=\"no\"><div class=\"mkdf-carousel-item-outer-holder\"><div class=\"mkdf-carousel-item-holder\">\n\t\t\t\t\t\t<span class=\"mkdf-carousel-first-image-holder  mkdf-image-change\">\n\t\t\t\t<img width=\"200\" height=\"60\" src=\"https:\/\/www.finnapps.fi\/wp-content\/uploads\/2021\/03\/client-color-1.png\" class=\"attachment-full size-full\" alt=\"\" decoding=\"async\" loading=\"lazy\" \/>\t\t\t<\/span>\n\t\t\t\t\t<\/div><\/div><div class=\"mkdf-carousel-item-outer-holder\"><div class=\"mkdf-carousel-item-holder\">\n\t\t\t\t\t\t<span class=\"mkdf-carousel-first-image-holder  mkdf-image-change\">\n\t\t\t\t<img width=\"200\" height=\"60\" src=\"https:\/\/www.finnapps.fi\/wp-content\/uploads\/2021\/03\/client-color-2.png\" class=\"attachment-full size-full\" alt=\"\" decoding=\"async\" loading=\"lazy\" \/>\t\t\t<\/span>\n\t\t\t\t\t<\/div><\/div><div class=\"mkdf-carousel-item-outer-holder\"><div class=\"mkdf-carousel-item-holder mkdf-carousel-item-with-hover-image\">\n\t\t\t\t\t\t<span class=\"mkdf-carousel-first-image-holder mkdf-has-hover-image mkdf-image-change\">\n\t\t\t\t<img width=\"200\" height=\"60\" src=\"https:\/\/www.finnapps.fi\/wp-content\/uploads\/2021\/03\/client-color-3.png\" class=\"attachment-full size-full\" alt=\"\" decoding=\"async\" loading=\"lazy\" \/>\t\t\t<\/span>\n\t\t\t\t\t\t\t<span class=\"mkdf-carousel-second-image-holder mkdf-has-hover-image mkdf-image-change\">\n\t\t\t\t<img width=\"200\" height=\"60\" src=\"https:\/\/www.finnapps.fi\/wp-content\/uploads\/2021\/03\/client-color-hover-3.png\" class=\"attachment-full size-full\" alt=\"\" decoding=\"async\" loading=\"lazy\" \/>\t\t\t<\/span>\n\t\t\t<\/div><\/div><\/div><\/div><\/div><\/div><\/div><\/div><\/div><\/div><div data-mkdf-parallax-speed=\"1\" class=\"vc_row wpb_row vc_row-fluid mkdf-section mkdf-content-aligment-left\" style=\"\"><div class=\"clearfix mkdf-full-section-inner\"><div class=\"wpb_column vc_column_container vc_col-sm-12\"><div class=\"vc_column-inner\"><div class=\"wpb_wrapper\">\n\n\t<div class=\"mkdf-call-to-action normal\" style=\"background-color: #092deb\">\n\n\t\t\t\t<div class=\"mkdf-container-inner\">\n\t\t\t\t\t<div class=\"mkdf-call-to-action-row-75-25 clearfix\" style=\"padding: 45px 0\">\n\t\t\n\t\t\t\t<div class=\"mkdf-text-wrapper mkdf-call-to-action-column1 mkdf-call-to-action-cell\">\n\n\t\t\t\t\n\t\t\t\t\t<div class=\"mkdf-call-to-action-text\" >\n\t\t\t\t\t\t<span style=\"color: #fff;\">Yritykset kasvavat ja muuttuvat yhdess\u00e4 kanssamme \u2013 me tuomme parannuksia prosesseihin, esit\u00e4mme innovatiivisia l\u00e4hestymistapoja asiakkaan haasteisiin ja mahdollistamme asiakkaan menestyksen kasvu-uralla.<\/span>\t\t\t\t\t<\/div>\n\n\t\t\t\t<\/div>\n\n\t\t\t\t\n\t\t\t\t\t<div class=\"mkdf-button-wrapper mkdf-call-to-action-column2 mkdf-call-to-action-cell\" style =\"text-align: right ;\">\n\n\t\t\t\t\t\t<a href=\"\/index.php\/contact-us\" target=\"_self\"  class=\"mkdf-btn mkdf-btn-large mkdf-btn-white mkdf-btn-icon\"  >            <span class=\"mkdf-btn-icon-holder\">            <i class=\"mkdf-icon-simple-line-icon icon-paper-plane mkdf-btn-icon-elem\" ><\/i>            <i class=\"mkdf-icon-simple-line-icon icon-paper-plane mkdf-btn-icon-elem hover\" ><\/i>        <\/span>        <span class=\"mkdf-btn-text\">Ota yhteytt\u00e4<\/span><\/a>\n\t\t\t\t\t<\/div>\n\n\t\t\t\t\n\t\t\t<\/div>\n\n\t\t\t\t<\/div>\n\t\t\n\t<\/div>\n\n<\/div><\/div><\/div><\/div><\/div>","protected":false},"excerpt":{"rendered":"","protected":false},"author":1,"featured_media":0,"parent":0,"menu_order":0,"comment_status":"closed","ping_status":"closed","template":"full-width.php","meta":{"_joinchat":[]},"_links":{"self":[{"href":"https:\/\/www.finnapps.fi\/fi\/index.php\/wp-json\/wp\/v2\/pages\/565"}],"collection":[{"href":"https:\/\/www.finnapps.fi\/fi\/index.php\/wp-json\/wp\/v2\/pages"}],"about":[{"href":"https:\/\/www.finnapps.fi\/fi\/index.php\/wp-json\/wp\/v2\/types\/page"}],"author":[{"embeddable":true,"href":"https:\/\/www.finnapps.fi\/fi\/index.php\/wp-json\/wp\/v2\/users\/1"}],"replies":[{"embeddable":true,"href":"https:\/\/www.finnapps.fi\/fi\/index.php\/wp-json\/wp\/v2\/comments?post=565"}],"version-history":[{"count":67,"href":"https:\/\/www.finnapps.fi\/fi\/index.php\/wp-json\/wp\/v2\/pages\/565\/revisions"}],"predecessor-version":[{"id":4199,"href":"https:\/\/www.finnapps.fi\/fi\/index.php\/wp-json\/wp\/v2\/pages\/565\/revisions\/4199"}],"wp:attachment":[{"href":"https:\/\/www.finnapps.fi\/fi\/index.php\/wp-json\/wp\/v2\/media?parent=565"}],"curies":[{"name":"wp","href":"https:\/\/api.w.org\/{rel}","templated":true}]}}