{"id":3561,"date":"2021-03-14T16:50:25","date_gmt":"2021-03-14T16:50:25","guid":{"rendered":"http:\/\/finnapps.cognxt.com\/?page_id=3561"},"modified":"2021-04-23T19:43:04","modified_gmt":"2021-04-23T19:43:04","slug":"career","status":"publish","type":"page","link":"https:\/\/www.finnapps.fi\/fi\/index.php\/career\/","title":{"rendered":"Ura Finnappsilla"},"content":{"rendered":"<div data-mkdf-parallax-speed=\"1\" class=\"vc_row wpb_row vc_row-fluid mkdf-section teams-section vc_custom_1615741122332 mkdf-content-aligment-center mkdf-grid-section\" style=\"\"><div class=\"clearfix mkdf-section-inner\"><div class=\"mkdf-section-inner-margin clearfix\"><div class=\"mkdf-content-aligment-center wpb_column vc_column_container vc_col-sm-12\"><div class=\"vc_column-inner\"><div class=\"wpb_wrapper\"><div class=\"mkdf-section-title-holder\">\n\t<h2 class=\"mkdf-section-title mkdf-section-title-small\" >Avoimia ty\u00f6paikkoja<\/h2>\n<\/div><div class=\"mkdf-separator-holder clearfix  mkdf-separator-center\">\n\t<div class=\"mkdf-separator\" style=\"border-color: #092deb;width: 33px;border-bottom-width: 3px;margin-top: 13px;margin-bottom: 20px\"><\/div>\n<\/div>\n\n\t<div class=\"wpb_text_column wpb_content_element\" >\n\t\t<div class=\"wpb_wrapper\">\n\t\t\t<h5>Tartu tilaisuuteen kanssamme \u2013 vie uraasi eteenp\u00e4in Finnappsilla!<\/h5>\n\n\t\t<\/div>\n\t<\/div>\n<div class=\"vc_empty_space\"   style=\"height: 80px\"><span class=\"vc_empty_space_inner\"><\/span><\/div><div class=\"vc_row wpb_row vc_inner vc_row-fluid mkdf-section mkdf-content-aligment-left\" style=\"\"><div class=\"mkdf-full-section-inner\"><div class=\"wpb_column vc_column_container vc_col-sm-8\"><div class=\"vc_column-inner\"><div class=\"wpb_wrapper\">\n\t<div class=\"wpb_text_column wpb_content_element\" >\n\t\t<div class=\"wpb_wrapper\">\n\t\t\t<h3>Job Opportunities<\/h3>\n\n\t\t<\/div>\n\t<\/div>\n<div class=\"mkdf-separator-holder clearfix  mkdf-separator-left\">\n\t<div class=\"mkdf-separator\" style=\"border-color: #092deb;width: 33px;border-bottom-width: 3px;margin-top: 13px;margin-bottom: 20px\"><\/div>\n<\/div>\n<div class=\"vc_empty_space\"   style=\"height: 10px\"><span class=\"vc_empty_space_inner\"><\/span><\/div><div class=\"mkdf-accordion-holder clearfix mkdf-accordion mkdf-boxed\">\n\t<h4 class=\"clearfix mkdf-title-holder\">\n\t<span class=\"mkdf-accordion-mark mkdf-left-mark\">\n\t\t<span class=\"mkdf-accordion-mark-icon\">\n\t\t\t<span class=\"arrow_carrot-down\"><\/span>\n\t\t<\/span>\n\t<\/span>\n\t<span class=\"mkdf-tab-title\">\n\t\t<span class=\"mkdf-tab-title-inner\">\n\t\t\t <span class=\"mkdf-icon-accordion-holder\">\n\t\t\t\t \t\t\t <\/span>\n\t\t\tMarkkinointip\u00e4\u00e4llikk\u00f6\t\t<\/span>\n\t<\/span>\n<\/h4>\n<div class=\"mkdf-accordion-content\">\n\t<div class=\"mkdf-accordion-content-inner\">\n\t\t<div class=\"mkdf-unordered-list\" ><\/p>\n<ul>\n<li>Edellyt\u00e4mme hakijalta kokemusta markkinoinnin asiantuntijana tai vastaavassa roolissa<\/li>\n<li>Markkinointielementtien (mukaan lukien perinteinen ja digitaalinen markkinointi, kuten SEO \/ sosiaalinen media jne.) ja markkinatutkimusmenetelmien perusteellista tuntemusta<\/li>\n<li>Kokemusta markkinointidatan analytiikasta ja ty\u00f6kaluista<\/li>\n<li>Vankkoja IT-taitoja, kuten MS Office ja esim. verkkoanalytiikka-sovellukset, Google AdWords jne.<\/li>\n<li>Hyv\u00e4\u00e4 j\u00e4rjestelykyky\u00e4 ja kyky\u00e4 pureutua yksityiskohtiin<\/li>\n<li>Loistavaa viestint\u00e4- ja kirjoitustaitoa<\/li>\n<li>Luovaa kaupallista taitoa ja n\u00e4kemyst\u00e4<\/li>\n<li>Arvostamme tutkintoa yritysmarkkinoinnista, viestinn\u00e4st\u00e4 tai vastaavasta.<\/li>\n<\/ul>\n<p><\/div>\n\t\t\t<\/div>\n<\/div>\n<\/div><\/div><\/div><\/div><div class=\"wpb_column vc_column_container vc_col-sm-4\"><div class=\"vc_column-inner\"><div class=\"wpb_wrapper\">\n\t<div class=\"wpb_text_column wpb_content_element\" >\n\t\t<div class=\"wpb_wrapper\">\n\t\t\t<h3>Hae paikkaa<\/h3>\n\n\t\t<\/div>\n\t<\/div>\n<div class=\"mkdf-separator-holder clearfix  mkdf-separator-left\">\n\t<div class=\"mkdf-separator\" style=\"border-color: #092deb;width: 33px;border-bottom-width: 3px;margin-top: 13px;margin-bottom: 20px\"><\/div>\n<\/div>\n<div class=\"vc_empty_space\"   style=\"height: 10px\"><span class=\"vc_empty_space_inner\"><\/span><\/div><div role=\"form\" class=\"wpcf7\" id=\"wpcf7-f3588-o1\" lang=\"en-US\" dir=\"ltr\">\n<div class=\"screen-reader-response\"><p role=\"status\" aria-live=\"polite\" aria-atomic=\"true\"><\/p> <ul><\/ul><\/div>\n<form action=\"\/fi\/index.php\/wp-json\/wp\/v2\/pages\/3561#wpcf7-f3588-o1\" method=\"post\" class=\"wpcf7-form init cf7_custom_style_1\" enctype=\"multipart\/form-data\" novalidate=\"novalidate\" data-status=\"init\" data-trp-original-action=\"\/fi\/index.php\/wp-json\/wp\/v2\/pages\/3561#wpcf7-f3588-o1\">\n<div style=\"display: none;\">\n<input type=\"hidden\" name=\"_wpcf7\" value=\"3588\" \/>\n<input type=\"hidden\" name=\"_wpcf7_version\" value=\"5.4.1\" \/>\n<input type=\"hidden\" name=\"_wpcf7_locale\" value=\"en_US\" \/>\n<input type=\"hidden\" name=\"_wpcf7_unit_tag\" value=\"wpcf7-f3588-o1\" \/>\n<input type=\"hidden\" name=\"_wpcf7_container_post\" value=\"0\" \/>\n<input type=\"hidden\" name=\"_wpcf7_posted_data_hash\" value=\"\" \/>\n<input type=\"hidden\" name=\"_wpcf7_recaptcha_response\" value=\"\" \/>\n<\/div>\n<p><label> Name<br \/>\n    <span class=\"wpcf7-form-control-wrap your-name\"><input type=\"text\" name=\"your-name\" value=\"\" size=\"40\" class=\"wpcf7-form-control wpcf7-text wpcf7-validates-as-required\" aria-required=\"true\" aria-invalid=\"false\" \/><\/span> <\/label><\/p>\n<p><label> Email<br \/>\n    <span class=\"wpcf7-form-control-wrap your-email\"><input type=\"email\" name=\"your-email\" value=\"\" size=\"40\" class=\"wpcf7-form-control wpcf7-text wpcf7-email wpcf7-validates-as-required wpcf7-validates-as-email\" aria-required=\"true\" aria-invalid=\"false\" \/><\/span> <\/label><\/p>\n<p><label> Address<br \/>\n    <span class=\"wpcf7-form-control-wrap your-address\"><input type=\"text\" name=\"your-address\" value=\"\" size=\"40\" class=\"wpcf7-form-control wpcf7-text\" aria-invalid=\"false\" \/><\/span> <\/label><\/p>\n<p><label> Years of Experience<br \/>\n    <span class=\"wpcf7-form-control-wrap your-exp\"><input type=\"number\" name=\"your-exp\" value=\"\" class=\"wpcf7-form-control wpcf7-number wpcf7-validates-as-required wpcf7-validates-as-number\" aria-required=\"true\" aria-invalid=\"false\" \/><\/span> <\/label><\/p>\n<p><label> Position<br \/>\n    <span class=\"wpcf7-form-control-wrap your-position\"><select name=\"your-position\" class=\"wpcf7-form-control wpcf7-select wpcf7-validates-as-required\" aria-required=\"true\" aria-invalid=\"false\"><option value=\"Senior Marketing Executive\">Markkinointip\u00e4\u00e4llikk\u00f6<\/option><\/select><\/span> <\/label><\/p>\n<p><label> Message (optional)<br \/>\n    <span class=\"wpcf7-form-control-wrap your-message\"><textarea name=\"your-message\" cols=\"40\" rows=\"10\" class=\"wpcf7-form-control wpcf7-textarea\" aria-invalid=\"false\"><\/textarea><\/span> <\/label><\/p>\n<p><label> Upload Your CV<br \/>\n    <span class=\"wpcf7-form-control-wrap file-826\"><input type=\"file\" name=\"file-826\" size=\"40\" class=\"wpcf7-form-control wpcf7-file\" accept=\".doc,.pdf\" aria-invalid=\"false\" \/><\/span> <\/label><\/p>\n<p><input type=\"submit\" value=\"Apply Now\" class=\"wpcf7-form-control wpcf7-submit\" \/><\/p>\n<div class=\"wpcf7-response-output\" aria-hidden=\"true\"><\/div><input type=\"hidden\" name=\"trp-form-language\" value=\"fi\"\/><\/form><\/div><\/div><\/div><\/div><\/div><\/div><div class=\"vc_empty_space\"   style=\"height: 80px\"><span class=\"vc_empty_space_inner\"><\/span><\/div><\/div><\/div><\/div><\/div><\/div><\/div><div data-mkdf-parallax-speed=\"1\" class=\"vc_row wpb_row vc_row-fluid mkdf-section mkdf-content-aligment-left\" style=\"\"><div class=\"clearfix mkdf-full-section-inner\"><div class=\"wpb_column vc_column_container vc_col-sm-12\"><div class=\"vc_column-inner\"><div class=\"wpb_wrapper\">\n\n\t<div class=\"mkdf-call-to-action normal\" style=\"background-color: #092deb\">\n\n\t\t\t\t<div class=\"mkdf-container-inner\">\n\t\t\t\t\t<div class=\"mkdf-call-to-action-row-75-25 clearfix\" style=\"padding: 45px 0\">\n\t\t\n\t\t\t\t<div class=\"mkdf-text-wrapper mkdf-call-to-action-column1 mkdf-call-to-action-cell\">\n\n\t\t\t\t\n\t\t\t\t\t<div class=\"mkdf-call-to-action-text\" >\n\t\t\t\t\t\t<span style=\"color: #fff;\">We are an exemplary partner to develop Custom Solutions with unprecedented approaches.<\/span>\t\t\t\t\t<\/div>\n\n\t\t\t\t<\/div>\n\n\t\t\t\t\n\t\t\t\t\t<div class=\"mkdf-button-wrapper mkdf-call-to-action-column2 mkdf-call-to-action-cell\" style =\"text-align: right ;\">\n\n\t\t\t\t\t\t<a href=\"\/index.php\/contact-us\" target=\"_self\"  class=\"mkdf-btn mkdf-btn-large mkdf-btn-white mkdf-btn-icon\"  >            <span class=\"mkdf-btn-icon-holder\">            <i class=\"mkdf-icon-simple-line-icon icon-paper-plane mkdf-btn-icon-elem\" ><\/i>            <i class=\"mkdf-icon-simple-line-icon icon-paper-plane mkdf-btn-icon-elem hover\" ><\/i>        <\/span>        <span class=\"mkdf-btn-text\">Ota yhteytt\u00e4<\/span><\/a>\n\t\t\t\t\t<\/div>\n\n\t\t\t\t\n\t\t\t<\/div>\n\n\t\t\t\t<\/div>\n\t\t\n\t<\/div>\n\n<\/div><\/div><\/div><\/div><\/div>","protected":false},"excerpt":{"rendered":"We are Hiring Seize the opportunity to work with us and get your career to the newest heights Job Opportunities Senior Marketing Executive Proven experience as marketing specialist or similar role Thorough understanding of marketing elements (including traditional and digital marketing such as SEO\/Social media...","protected":false},"author":1,"featured_media":0,"parent":0,"menu_order":0,"comment_status":"closed","ping_status":"closed","template":"full-width.php","meta":{"_joinchat":[]},"_links":{"self":[{"href":"https:\/\/www.finnapps.fi\/fi\/index.php\/wp-json\/wp\/v2\/pages\/3561"}],"collection":[{"href":"https:\/\/www.finnapps.fi\/fi\/index.php\/wp-json\/wp\/v2\/pages"}],"about":[{"href":"https:\/\/www.finnapps.fi\/fi\/index.php\/wp-json\/wp\/v2\/types\/page"}],"author":[{"embeddable":true,"href":"https:\/\/www.finnapps.fi\/fi\/index.php\/wp-json\/wp\/v2\/users\/1"}],"replies":[{"embeddable":true,"href":"https:\/\/www.finnapps.fi\/fi\/index.php\/wp-json\/wp\/v2\/comments?post=3561"}],"version-history":[{"count":29,"href":"https:\/\/www.finnapps.fi\/fi\/index.php\/wp-json\/wp\/v2\/pages\/3561\/revisions"}],"predecessor-version":[{"id":3565,"href":"https:\/\/www.finnapps.fi\/fi\/index.php\/wp-json\/wp\/v2\/pages\/3561\/revisions\/3565"}],"wp:attachment":[{"href":"https:\/\/www.finnapps.fi\/fi\/index.php\/wp-json\/wp\/v2\/media?parent=3561"}],"curies":[{"name":"wp","href":"https:\/\/api.w.org\/{rel}","templated":true}]}}